{"id":102,"date":"2026-01-23T09:30:27","date_gmt":"2026-01-23T08:30:27","guid":{"rendered":"https:\/\/thelittlecaneton.neamar.fr\/?page_id=102"},"modified":"2026-01-23T10:16:56","modified_gmt":"2026-01-23T09:16:56","slug":"animaux","status":"publish","type":"page","link":"https:\/\/thelittlecaneton.neamar.fr\/?page_id=102","title":{"rendered":"Animaux"},"content":{"rendered":"\n<h2 class=\"wp-block-heading\">Les chevaux<\/h2>\n\n\n\n<p>Le cheval est un animal tr\u00e8s sociable, il est intelligent et il ressent beaucoup d\u2019\u00e9motions\u00a0. Il<br>ne faut pas l\u2019exploiter, parce qu\u2019il fait beaucoup de travail pour nous. Son esp\u00e9rance de vie est de 25-30 ans. Sa vitesse au galop peut aller jusqu\u2019\u00e0 70 km\/h. Quand une jument est enceinte elle va porter sont b\u00e9b\u00e9 pendant 338 \u00e0 343 jours, c\u2019est un peu plus de 11 mois.<br>Avec le cheval on peut faire de l\u2019\u00e9quitation, du dressages, de la th\u00e9orie (apprendre les parties du corps du cheval), du jumping, du cross ou jouer au polo. Nous faisons beaucoup de sport avec le cheval.<br>Il y a 18 robes dans le monde, c\u2019est \u00e0 dire de couleurs diff\u00e9rentes de chevaux. Il y a par exemple\u00a0: alezans, bai, noir, palomino, Isabelle, souris, gris, cr\u00e8me, rouan, aub\u00e8re\u2026<br>Il y a 299 races de chevaux, par exemple\u00a0: le pur sang (arabe), le Frison, le Mustang, le Shire, le Quarter Horse, l\u2019Appalousa, le Clydesdale , le cob, le Gypsy\u00a0,le KWPN, l\u2019Hanovrien, le Percheron, le Criollo, le Mangalarga, le Marchador, le Paint Horse, le trotteur fran\u00e7ais, le Selle Fran\u00e7ais etc\u2026<\/p>\n\n\n\n<p><em>Gabrielle et Nour<\/em><\/p>\n\n\n\n<figure class=\"wp-block-image size-full is-resized\"><img loading=\"lazy\" decoding=\"async\" width=\"500\" height=\"500\" src=\"http:\/\/thelittlecaneton.neamar.fr\/wp-content\/uploads\/2026\/01\/CHI_Geneve_2013_-_20131212_-_Eric_Lamaze_et_Quelmec_du_Gery.jpg\" alt=\"\" class=\"wp-image-105\" style=\"width:645px;height:auto\"\/><\/figure>\n","protected":false},"excerpt":{"rendered":"<p>Les chevaux Le cheval est un animal tr\u00e8s sociable, il est intelligent et il ressent beaucoup d\u2019\u00e9motions\u00a0. Ilne faut pas l\u2019exploiter, parce qu\u2019il fait beaucoup de travail pour nous. Son esp\u00e9rance de vie est de 25-30 ans. Sa vitesse au galop peut aller jusqu\u2019\u00e0 70 km\/h. Quand une jument est enceinte elle va porter sont [&hellip;]<\/p>\n","protected":false},"author":1,"featured_media":0,"parent":0,"menu_order":0,"comment_status":"closed","ping_status":"closed","template":"","meta":{"footnotes":""},"class_list":["post-102","page","type-page","status-publish","hentry"],"_links":{"self":[{"href":"https:\/\/thelittlecaneton.neamar.fr\/index.php?rest_route=\/wp\/v2\/pages\/102","targetHints":{"allow":["GET"]}}],"collection":[{"href":"https:\/\/thelittlecaneton.neamar.fr\/index.php?rest_route=\/wp\/v2\/pages"}],"about":[{"href":"https:\/\/thelittlecaneton.neamar.fr\/index.php?rest_route=\/wp\/v2\/types\/page"}],"author":[{"embeddable":true,"href":"https:\/\/thelittlecaneton.neamar.fr\/index.php?rest_route=\/wp\/v2\/users\/1"}],"replies":[{"embeddable":true,"href":"https:\/\/thelittlecaneton.neamar.fr\/index.php?rest_route=%2Fwp%2Fv2%2Fcomments&post=102"}],"version-history":[{"count":3,"href":"https:\/\/thelittlecaneton.neamar.fr\/index.php?rest_route=\/wp\/v2\/pages\/102\/revisions"}],"predecessor-version":[{"id":107,"href":"https:\/\/thelittlecaneton.neamar.fr\/index.php?rest_route=\/wp\/v2\/pages\/102\/revisions\/107"}],"wp:attachment":[{"href":"https:\/\/thelittlecaneton.neamar.fr\/index.php?rest_route=%2Fwp%2Fv2%2Fmedia&parent=102"}],"curies":[{"name":"wp","href":"https:\/\/api.w.org\/{rel}","templated":true}]}}